{"id":93,"date":"2024-04-25T13:48:13","date_gmt":"2024-04-25T13:48:13","guid":{"rendered":"https:\/\/zulf.sk\/?page_id=93"},"modified":"2024-04-25T13:48:13","modified_gmt":"2024-04-25T13:48:13","slug":"refund-policy","status":"publish","type":"page","link":"https:\/\/zulf.sk\/sk\/refund-policy\/","title":{"rendered":"Z\u00e1sady vr\u00e1tenia pe\u0148az\u00ed"},"content":{"rendered":"<p>V spolo\u010dnosti Zulf s.r.o. sa sna\u017e\u00edme poskytova\u0165 vynikaj\u00face slu\u017eby z\u00e1kazn\u00edkom. Ch\u00e1peme v\u0161ak, \u017ee m\u00f4\u017eu nasta\u0165 pr\u00edpady, ke\u010f je potrebn\u00e9 vr\u00e1ti\u0165 peniaze. Pre\u010d\u00edtajte si, pros\u00edm, na\u0161e z\u00e1sady vr\u00e1tenia pe\u0148az\u00ed uveden\u00e9 ni\u017e\u0161ie:<\/p>\n\n\n\n<h2 class=\"wp-block-heading\">Podmienky vr\u00e1tenia pe\u0148az\u00ed<\/h2>\n\n\n\n<p>V\u0161etky n\u00e1hrady s\u00fa mo\u017en\u00e9 len do 30 kalend\u00e1rnych dn\u00ed od d\u00e1tumu prevodu pe\u0148az\u00ed. Objedn\u00e1vky s\u00fa vratn\u00e9 a\u017e do momentu, ke\u010f je platba post\u00fapen\u00e1 akejko\u013evek reklamnej platforme alebo sieti a reklamn\u00e1 kampa\u0148 je spusten\u00e1.&nbsp;<\/p>\n\n\n\n<p>Spracov\u00e1vame aj n\u00e1hrady za chybn\u00e9 objedn\u00e1vky (napr. duplicitn\u00e9 platby alebo preplatky).<\/p>\n\n\n\n<h2 class=\"wp-block-heading\">Iniciovanie vr\u00e1tenia pe\u0148az\u00ed<\/h2>\n\n\n\n<p>Ak chcete iniciova\u0165 vr\u00e1tenie pe\u0148az\u00ed, po\u0161lite \u017eiados\u0165 na n\u00e1\u0161 e-mail <strong>info@zulf.sk <\/strong>a prilo\u017ete d\u00f4kaz, \u017ee va\u0161a \u017eiados\u0165 o vr\u00e1tenie pe\u0148az\u00ed je opr\u00e1vnen\u00e1. Aj ke\u010f v\u00e1\u0161 pr\u00edpad nesp\u013a\u0148a podmienky, m\u00f4\u017eete po\u017eiada\u0165 o vr\u00e1tenie pe\u0148az\u00ed. Va\u0161u \u017eiados\u0165 presk\u00famame a rozhodnutie v\u00e1m poskytneme do 5 pracovn\u00fdch dn\u00ed.<\/p>\n\n\n\n<h2 class=\"wp-block-heading\">Schv\u00e1len\u00e9 n\u00e1hrady<\/h2>\n\n\n\n<p>Ak bude va\u0161a \u017eiados\u0165 o vr\u00e1tenie pe\u0148az\u00ed schv\u00e1len\u00e1 a obe strany sa dohodn\u00fa na sume, peniaze v\u00e1m bud\u00fa vr\u00e1ten\u00e9 rovnak\u00fdm sp\u00f4sobom platby. Upozor\u0148ujeme, \u017ee sp\u00f4sob platby nie je mo\u017en\u00e9 za \u017eiadnych podmienok zmeni\u0165.<\/p>\n\n\n\n<h2 class=\"wp-block-heading\">Kontaktujte n\u00e1s<\/h2>\n\n\n\n<p>N\u00e1\u0161 t\u00edm m\u00f4\u017eete kontaktova\u0165 niektor\u00fdm z nasleduj\u00facich sp\u00f4sobov:<\/p>\n\n\n\n<ul class=\"wp-block-list\">\n<li><strong>E-mail:<\/strong> <a href=\"mailto:info@zulf.sk\">info@zulf.sk<\/a><\/li>\n\n\n\n<li><strong>Telef\u00f3n:<\/strong> <a href=\"tel:+421233070456\">+421233070456<\/a><\/li>\n\n\n\n<li><strong>Webov\u00e1 lokalita:<\/strong> <a href=\"https:\/\/zulf.sk\/sk\/\">www.zulf.sk<\/a><\/li>\n<\/ul>\n\n\n\n<p>Ak m\u00e1te ak\u00e9ko\u013evek ot\u00e1zky alebo potrebujete \u010fal\u0161iu pomoc t\u00fdkaj\u00facu sa na\u0161ich z\u00e1sad vr\u00e1tenia pe\u0148az\u00ed, nev\u00e1hajte n\u00e1s kontaktova\u0165.<\/p>","protected":false},"excerpt":{"rendered":"<p>V spolo\u010dnosti Zulf s.r.o. sa sna\u017e\u00edme poskytova\u0165 vynikaj\u00face slu\u017eby z\u00e1kazn\u00edkom. Ch\u00e1peme v\u0161ak, \u017ee m\u00f4\u017eu nasta\u0165 pr\u00edpady, ke\u010f je potrebn\u00e9 vr\u00e1ti\u0165 peniaze. Pre\u010d\u00edtajte si, pros\u00edm, na\u0161e z\u00e1sady vr\u00e1tenia pe\u0148az\u00ed uveden\u00e9 ni\u017e\u0161ie: V\u0161etky n\u00e1hrady s\u00fa mo\u017en\u00e9 len do 30 kalend\u00e1rnych dn\u00ed odo d\u0148a prevodu pe\u0148az\u00ed. Objedn\u00e1vky je mo\u017en\u00e9 vr\u00e1ti\u0165, k\u00fdm nie je platba [...]<\/p>","protected":false},"author":1,"featured_media":0,"parent":0,"menu_order":0,"comment_status":"closed","ping_status":"closed","template":"template-pages\/policy.php","meta":{"_acf_changed":false,"footnotes":""},"class_list":["post-93","page","type-page","status-publish","hentry"],"acf":[],"yoast_head":"<!-- This site is optimized with the Yoast SEO plugin v23.0 - https:\/\/yoast.com\/wordpress\/plugins\/seo\/ -->\n<title>Refund Policy - zulf.sk<\/title>\n<meta name=\"robots\" content=\"index, follow, max-snippet:-1, max-image-preview:large, max-video-preview:-1\" \/>\n<link rel=\"canonical\" href=\"https:\/\/zulf.sk\/sk\/refund-policy\/\" \/>\n<meta property=\"og:locale\" content=\"sk_SK\" \/>\n<meta property=\"og:type\" content=\"article\" \/>\n<meta property=\"og:title\" content=\"Refund Policy - zulf.sk\" \/>\n<meta property=\"og:description\" content=\"At Zulf s.r.o., we are committed to providing excellent customer service. However, we understand that there may be instances where a refund is necessary. Please read our refund policy below: Conditions for Refund All refunds are possible only within 30 calendar days from the date of the money transfer. Orders are refundable until payment is [&hellip;]\" \/>\n<meta property=\"og:url\" content=\"https:\/\/zulf.sk\/sk\/refund-policy\/\" \/>\n<meta property=\"og:site_name\" content=\"zulf.sk\" \/>\n<meta name=\"twitter:card\" content=\"summary_large_image\" \/>\n<meta name=\"twitter:label1\" content=\"Predpokladan\u00fd \u010das \u010d\u00edtania\" \/>\n\t<meta name=\"twitter:data1\" content=\"1 min\u00fata\" \/>\n<script type=\"application\/ld+json\" class=\"yoast-schema-graph\">{\"@context\":\"https:\/\/schema.org\",\"@graph\":[{\"@type\":\"WebPage\",\"@id\":\"https:\/\/zulf.sk\/refund-policy\/\",\"url\":\"https:\/\/zulf.sk\/refund-policy\/\",\"name\":\"Refund Policy - zulf.sk\",\"isPartOf\":{\"@id\":\"https:\/\/zulf.sk\/#website\"},\"datePublished\":\"2024-04-25T13:48:13+00:00\",\"dateModified\":\"2024-04-25T13:48:13+00:00\",\"breadcrumb\":{\"@id\":\"https:\/\/zulf.sk\/refund-policy\/#breadcrumb\"},\"inLanguage\":\"sk-SK\",\"potentialAction\":[{\"@type\":\"ReadAction\",\"target\":[\"https:\/\/zulf.sk\/refund-policy\/\"]}]},{\"@type\":\"BreadcrumbList\",\"@id\":\"https:\/\/zulf.sk\/refund-policy\/#breadcrumb\",\"itemListElement\":[{\"@type\":\"ListItem\",\"position\":1,\"name\":\"Home\",\"item\":\"https:\/\/zulf.sk\/\"},{\"@type\":\"ListItem\",\"position\":2,\"name\":\"Refund Policy\"}]},{\"@type\":\"WebSite\",\"@id\":\"https:\/\/zulf.sk\/#website\",\"url\":\"https:\/\/zulf.sk\/\",\"name\":\"zulf.sk\",\"description\":\"\",\"publisher\":{\"@id\":\"https:\/\/zulf.sk\/#organization\"},\"potentialAction\":[{\"@type\":\"SearchAction\",\"target\":{\"@type\":\"EntryPoint\",\"urlTemplate\":\"https:\/\/zulf.sk\/?s={search_term_string}\"},\"query-input\":\"required name=search_term_string\"}],\"inLanguage\":\"sk-SK\"},{\"@type\":\"Organization\",\"@id\":\"https:\/\/zulf.sk\/#organization\",\"name\":\"zulf.sk\",\"url\":\"https:\/\/zulf.sk\/\",\"logo\":{\"@type\":\"ImageObject\",\"inLanguage\":\"sk-SK\",\"@id\":\"https:\/\/zulf.sk\/#\/schema\/logo\/image\/\",\"url\":\"https:\/\/zulf.sk\/wp-content\/uploads\/2024\/04\/zulf_logo.svg\",\"contentUrl\":\"https:\/\/zulf.sk\/wp-content\/uploads\/2024\/04\/zulf_logo.svg\",\"width\":128,\"height\":40,\"caption\":\"zulf.sk\"},\"image\":{\"@id\":\"https:\/\/zulf.sk\/#\/schema\/logo\/image\/\"}}]}<\/script>\n<!-- \/ Yoast SEO plugin. -->","yoast_head_json":{"title":"Refund Policy - zulf.sk","robots":{"index":"index","follow":"follow","max-snippet":"max-snippet:-1","max-image-preview":"max-image-preview:large","max-video-preview":"max-video-preview:-1"},"canonical":"https:\/\/zulf.sk\/sk\/refund-policy\/","og_locale":"sk_SK","og_type":"article","og_title":"Refund Policy - zulf.sk","og_description":"At Zulf s.r.o., we are committed to providing excellent customer service. However, we understand that there may be instances where a refund is necessary. Please read our refund policy below: Conditions for Refund All refunds are possible only within 30 calendar days from the date of the money transfer. Orders are refundable until payment is [&hellip;]","og_url":"https:\/\/zulf.sk\/sk\/refund-policy\/","og_site_name":"zulf.sk","twitter_card":"summary_large_image","twitter_misc":{"Predpokladan\u00fd \u010das \u010d\u00edtania":"1 min\u00fata"},"schema":{"@context":"https:\/\/schema.org","@graph":[{"@type":"WebPage","@id":"https:\/\/zulf.sk\/refund-policy\/","url":"https:\/\/zulf.sk\/refund-policy\/","name":"Refund Policy - zulf.sk","isPartOf":{"@id":"https:\/\/zulf.sk\/#website"},"datePublished":"2024-04-25T13:48:13+00:00","dateModified":"2024-04-25T13:48:13+00:00","breadcrumb":{"@id":"https:\/\/zulf.sk\/refund-policy\/#breadcrumb"},"inLanguage":"sk-SK","potentialAction":[{"@type":"ReadAction","target":["https:\/\/zulf.sk\/refund-policy\/"]}]},{"@type":"BreadcrumbList","@id":"https:\/\/zulf.sk\/refund-policy\/#breadcrumb","itemListElement":[{"@type":"ListItem","position":1,"name":"Home","item":"https:\/\/zulf.sk\/"},{"@type":"ListItem","position":2,"name":"Refund Policy"}]},{"@type":"WebSite","@id":"https:\/\/zulf.sk\/#website","url":"https:\/\/zulf.sk\/","name":"zulf.sk","description":"","publisher":{"@id":"https:\/\/zulf.sk\/#organization"},"potentialAction":[{"@type":"SearchAction","target":{"@type":"EntryPoint","urlTemplate":"https:\/\/zulf.sk\/?s={search_term_string}"},"query-input":"required name=search_term_string"}],"inLanguage":"sk-SK"},{"@type":"Organization","@id":"https:\/\/zulf.sk\/#organization","name":"zulf.sk","url":"https:\/\/zulf.sk\/","logo":{"@type":"ImageObject","inLanguage":"sk-SK","@id":"https:\/\/zulf.sk\/#\/schema\/logo\/image\/","url":"https:\/\/zulf.sk\/wp-content\/uploads\/2024\/04\/zulf_logo.svg","contentUrl":"https:\/\/zulf.sk\/wp-content\/uploads\/2024\/04\/zulf_logo.svg","width":128,"height":40,"caption":"zulf.sk"},"image":{"@id":"https:\/\/zulf.sk\/#\/schema\/logo\/image\/"}}]}},"_links":{"self":[{"href":"https:\/\/zulf.sk\/sk\/wp-json\/wp\/v2\/pages\/93","targetHints":{"allow":["GET"]}}],"collection":[{"href":"https:\/\/zulf.sk\/sk\/wp-json\/wp\/v2\/pages"}],"about":[{"href":"https:\/\/zulf.sk\/sk\/wp-json\/wp\/v2\/types\/page"}],"author":[{"embeddable":true,"href":"https:\/\/zulf.sk\/sk\/wp-json\/wp\/v2\/users\/1"}],"replies":[{"embeddable":true,"href":"https:\/\/zulf.sk\/sk\/wp-json\/wp\/v2\/comments?post=93"}],"version-history":[{"count":1,"href":"https:\/\/zulf.sk\/sk\/wp-json\/wp\/v2\/pages\/93\/revisions"}],"predecessor-version":[{"id":94,"href":"https:\/\/zulf.sk\/sk\/wp-json\/wp\/v2\/pages\/93\/revisions\/94"}],"wp:attachment":[{"href":"https:\/\/zulf.sk\/sk\/wp-json\/wp\/v2\/media?parent=93"}],"curies":[{"name":"wp","href":"https:\/\/api.w.org\/{rel}","templated":true}]}}