{"id":91,"date":"2024-04-25T13:47:36","date_gmt":"2024-04-25T13:47:36","guid":{"rendered":"https:\/\/zulf.sk\/?page_id=91"},"modified":"2024-04-25T13:47:36","modified_gmt":"2024-04-25T13:47:36","slug":"cookie-policy","status":"publish","type":"page","link":"https:\/\/zulf.sk\/sk\/cookie-policy\/","title":{"rendered":"Z\u00e1sady pou\u017e\u00edvania s\u00faborov cookie"},"content":{"rendered":"<p>Tieto z\u00e1sady pou\u017e\u00edvania s\u00faborov cookie vysvet\u013euj\u00fa, ako spolo\u010dnos\u0165 Zulf s.r.o. (\"Zulf\", \"my\", \"n\u00e1s\" alebo \"na\u0161e\") pou\u017e\u00edva s\u00fabory cookie a podobn\u00e9 technol\u00f3gie sledovania, ke\u010f nav\u0161t\u00edvite na\u0161u webov\u00fa lokalitu. <a href=\"https:\/\/zulf.sk\/sk\/\">&nbsp;zulf.sk<\/a> (\"webov\u00e1 str\u00e1nka\").<\/p>\n\n\n\n<h2 class=\"wp-block-heading\">\u010co s\u00fa to s\u00fabory cookie?<\/h2>\n\n\n\n<p>Pri n\u00e1v\u0161teve webovej lokality s\u00fa s\u00fabory cookie mal\u00e9 textov\u00e9 s\u00fabory ulo\u017een\u00e9 vo va\u0161om zariaden\u00ed (po\u010d\u00edta\u010d, tablet, smartf\u00f3n). Pou\u017e\u00edvaj\u00fa sa vo ve\u013ekej miere na zefekt\u00edvnenie fungovania webov\u00fdch str\u00e1nok a na poskytovanie inform\u00e1ci\u00ed majite\u013eom webov\u00fdch str\u00e1nok.<\/p>\n\n\n\n<h2 class=\"wp-block-heading\">Ako pou\u017e\u00edvame s\u00fabory cookie?<\/h2>\n\n\n\n<p>S\u00fabory cookie pou\u017e\u00edvame na tieto \u00fa\u010dely:<\/p>\n\n\n\n<ol class=\"wp-block-list\">\n<li><strong>Z\u00e1kladn\u00e9 s\u00fabory cookie:<\/strong> Tieto s\u00fabory cookie s\u00fa potrebn\u00e9 na fungovanie na\u0161ej webovej str\u00e1nky. Umo\u017e\u0148uj\u00fa v\u00e1m navig\u00e1ciu na na\u0161ej webovej lokalite a pou\u017e\u00edvanie jej funkci\u00ed. Slu\u017eby, o ktor\u00e9 ste po\u017eiadali, nie je mo\u017en\u00e9 poskytova\u0165 bez t\u00fdchto s\u00faborov cookie.<\/li>\n\n\n\n<li><strong>Analytick\u00e9\/v\u00fdkonnostn\u00e9 s\u00fabory cookie: <\/strong>Tieto s\u00fabory cookie n\u00e1m umo\u017e\u0148uj\u00fa rozpozna\u0165 a spo\u010d\u00edta\u0165 po\u010det n\u00e1v\u0161tevn\u00edkov a zisti\u0165, ako sa pohybuj\u00fa po na\u0161ej webovej lokalite. To n\u00e1m pom\u00e1ha zlep\u0161ova\u0165 fungovanie na\u0161ej webovej lokality, napr\u00edklad t\u00fdm, \u017ee pou\u017e\u00edvatelia \u013eahko n\u00e1jdu to, \u010do h\u013eadaj\u00fa.<\/li>\n\n\n\n<li><strong>Funk\u010dn\u00e9 s\u00fabory cookie <\/strong>umo\u017eni\u0165 n\u00e1m prisp\u00f4sobi\u0165 v\u00e1m n\u00e1\u0161 obsah, pozdravi\u0165 v\u00e1s pod\u013ea mena a zapam\u00e4ta\u0165 si va\u0161e preferencie (napr\u00edklad v\u00fdber jazyka alebo regi\u00f3nu).<\/li>\n<\/ol>\n\n\n\n<h2 class=\"wp-block-heading\">S\u00fabory cookie tret\u00edch str\u00e1n<\/h2>\n\n\n\n<p>Na analytick\u00e9 a reklamn\u00e9 \u00fa\u010dely pou\u017e\u00edvame aj s\u00fabory cookie tret\u00edch str\u00e1n. Tieto s\u00fabory cookie zhroma\u017e\u010fuj\u00fa inform\u00e1cie o va\u0161ich n\u00e1vykoch pri prehliadan\u00ed na\u0161ej webovej lokality a in\u00fdch webov\u00fdch lokal\u00edt, ktor\u00e9 nav\u0161tevujete. Tieto inform\u00e1cie sa pou\u017e\u00edvaj\u00fa na poskytovanie personalizovan\u00fdch rekl\u00e1m na z\u00e1klade va\u0161ich z\u00e1ujmov a na meranie \u00fa\u010dinnosti na\u0161ich reklamn\u00fdch kampan\u00ed.<\/p>\n\n\n\n<h2 class=\"wp-block-heading\">Va\u0161e vo\u013eby t\u00fdkaj\u00face sa s\u00faborov cookie<\/h2>\n\n\n\n<p>S\u00fabory cookie m\u00f4\u017eete prija\u0165 alebo odmietnu\u0165. V\u00e4\u010d\u0161ina webov\u00fdch prehliada\u010dov automaticky prij\u00edma s\u00fabory cookie, ale ak si to \u017eel\u00e1te, m\u00f4\u017eete zvy\u010dajne upravi\u0165 nastavenie prehliada\u010da tak, aby ste ich odmietli. To v\u00e1m v\u0161ak m\u00f4\u017ee zabr\u00e1ni\u0165 plne vyu\u017e\u00edva\u0165 v\u00fdhody webovej lokality.<\/p>\n\n\n\n<p>Ak sa chcete dozvedie\u0165 viac o s\u00faboroch cookie a o tom, ako ich spravova\u0165, nav\u0161t\u00edvte<a href=\"http:\/\/www.aboutcookies.org\/\"> www.aboutcookies.org<\/a>.<\/p>\n\n\n\n<h2 class=\"wp-block-heading\">Kontaktujte n\u00e1s<\/h2>\n\n\n\n<p>Ak m\u00e1te ak\u00e9ko\u013evek ot\u00e1zky t\u00fdkaj\u00face sa na\u0161ich z\u00e1sad pou\u017e\u00edvania s\u00faborov cookie, kontaktujte n\u00e1s na adrese:<\/p>\n\n\n\n<ul class=\"wp-block-list\">\n<li>E-mail: <a href=\"mailto:info@zulf.sk\">info@zulf.sk<\/a><\/li>\n\n\n\n<li>Telef\u00f3n: <a href=\"tel:+421233070456\">+421233070456<\/a><\/li>\n\n\n\n<li>Webov\u00e1 lokalita:<a href=\"https:\/\/zulf.sk\/sk\/\"> zulf.sk<\/a><\/li>\n<\/ul>","protected":false},"excerpt":{"rendered":"<p>Tieto z\u00e1sady pou\u017e\u00edvania s\u00faborov cookie vysvet\u013euj\u00fa, ako spolo\u010dnos\u0165 Zulf s.r.o. (\u010falej len \"Zulf\", \"my\", \"n\u00e1s\" alebo \"na\u0161e\") pou\u017e\u00edva s\u00fabory cookie a podobn\u00e9 technol\u00f3gie sledovania, ke\u010f nav\u0161t\u00edvite na\u0161u webov\u00fa lokalitu zulf.sk (\u010falej len \"webov\u00e1 lokalita\"). \u010co s\u00fa to s\u00fabory cookie? Ke\u010f nav\u0161t\u00edvite webov\u00fa lokalitu, s\u00fabory cookie s\u00fa mal\u00e9 textov\u00e9 s\u00fabory ulo\u017een\u00e9 vo va\u0161om zariaden\u00ed (po\u010d\u00edta\u010di, tablete, smartf\u00f3ne). \u0160iroko sa pou\u017e\u00edvaj\u00fa na zefekt\u00edvnenie fungovania webov\u00fdch lokal\u00edt a na ich [...]<\/p>","protected":false},"author":1,"featured_media":0,"parent":0,"menu_order":0,"comment_status":"closed","ping_status":"closed","template":"template-pages\/policy.php","meta":{"_acf_changed":false,"footnotes":""},"class_list":["post-91","page","type-page","status-publish","hentry"],"acf":[],"yoast_head":"<!-- This site is optimized with the Yoast SEO plugin v23.0 - https:\/\/yoast.com\/wordpress\/plugins\/seo\/ -->\n<title>Cookie Policy - zulf.sk<\/title>\n<meta name=\"robots\" content=\"index, follow, max-snippet:-1, max-image-preview:large, max-video-preview:-1\" \/>\n<link rel=\"canonical\" href=\"https:\/\/zulf.sk\/sk\/cookie-policy\/\" \/>\n<meta property=\"og:locale\" content=\"sk_SK\" \/>\n<meta property=\"og:type\" content=\"article\" \/>\n<meta property=\"og:title\" content=\"Cookie Policy - zulf.sk\" \/>\n<meta property=\"og:description\" content=\"This Cookie Policy explains how Zulf s.r.o. (&#8220;Zulf,&#8221; &#8220;we,&#8221; &#8220;us,&#8221; or &#8220;our&#8221;) uses cookies and similar tracking technologies when you visit our Website &nbsp;zulf.sk (&#8220;Website&#8221;). What Are Cookies? When you visit a website, cookies are small text files stored on your device (computer, tablet, smartphone). They are widely used to make websites work more efficiently [&hellip;]\" \/>\n<meta property=\"og:url\" content=\"https:\/\/zulf.sk\/sk\/cookie-policy\/\" \/>\n<meta property=\"og:site_name\" content=\"zulf.sk\" \/>\n<meta name=\"twitter:card\" content=\"summary_large_image\" \/>\n<meta name=\"twitter:label1\" content=\"Predpokladan\u00fd \u010das \u010d\u00edtania\" \/>\n\t<meta name=\"twitter:data1\" content=\"2 min\u00faty\" \/>\n<script type=\"application\/ld+json\" class=\"yoast-schema-graph\">{\"@context\":\"https:\/\/schema.org\",\"@graph\":[{\"@type\":\"WebPage\",\"@id\":\"https:\/\/zulf.sk\/cookie-policy\/\",\"url\":\"https:\/\/zulf.sk\/cookie-policy\/\",\"name\":\"Cookie Policy - zulf.sk\",\"isPartOf\":{\"@id\":\"https:\/\/zulf.sk\/#website\"},\"datePublished\":\"2024-04-25T13:47:36+00:00\",\"dateModified\":\"2024-04-25T13:47:36+00:00\",\"breadcrumb\":{\"@id\":\"https:\/\/zulf.sk\/cookie-policy\/#breadcrumb\"},\"inLanguage\":\"sk-SK\",\"potentialAction\":[{\"@type\":\"ReadAction\",\"target\":[\"https:\/\/zulf.sk\/cookie-policy\/\"]}]},{\"@type\":\"BreadcrumbList\",\"@id\":\"https:\/\/zulf.sk\/cookie-policy\/#breadcrumb\",\"itemListElement\":[{\"@type\":\"ListItem\",\"position\":1,\"name\":\"Home\",\"item\":\"https:\/\/zulf.sk\/\"},{\"@type\":\"ListItem\",\"position\":2,\"name\":\"Cookie Policy\"}]},{\"@type\":\"WebSite\",\"@id\":\"https:\/\/zulf.sk\/#website\",\"url\":\"https:\/\/zulf.sk\/\",\"name\":\"zulf.sk\",\"description\":\"\",\"publisher\":{\"@id\":\"https:\/\/zulf.sk\/#organization\"},\"potentialAction\":[{\"@type\":\"SearchAction\",\"target\":{\"@type\":\"EntryPoint\",\"urlTemplate\":\"https:\/\/zulf.sk\/?s={search_term_string}\"},\"query-input\":\"required name=search_term_string\"}],\"inLanguage\":\"sk-SK\"},{\"@type\":\"Organization\",\"@id\":\"https:\/\/zulf.sk\/#organization\",\"name\":\"zulf.sk\",\"url\":\"https:\/\/zulf.sk\/\",\"logo\":{\"@type\":\"ImageObject\",\"inLanguage\":\"sk-SK\",\"@id\":\"https:\/\/zulf.sk\/#\/schema\/logo\/image\/\",\"url\":\"https:\/\/zulf.sk\/wp-content\/uploads\/2024\/04\/zulf_logo.svg\",\"contentUrl\":\"https:\/\/zulf.sk\/wp-content\/uploads\/2024\/04\/zulf_logo.svg\",\"width\":128,\"height\":40,\"caption\":\"zulf.sk\"},\"image\":{\"@id\":\"https:\/\/zulf.sk\/#\/schema\/logo\/image\/\"}}]}<\/script>\n<!-- \/ Yoast SEO plugin. -->","yoast_head_json":{"title":"Cookie Policy - zulf.sk","robots":{"index":"index","follow":"follow","max-snippet":"max-snippet:-1","max-image-preview":"max-image-preview:large","max-video-preview":"max-video-preview:-1"},"canonical":"https:\/\/zulf.sk\/sk\/cookie-policy\/","og_locale":"sk_SK","og_type":"article","og_title":"Cookie Policy - zulf.sk","og_description":"This Cookie Policy explains how Zulf s.r.o. (&#8220;Zulf,&#8221; &#8220;we,&#8221; &#8220;us,&#8221; or &#8220;our&#8221;) uses cookies and similar tracking technologies when you visit our Website &nbsp;zulf.sk (&#8220;Website&#8221;). What Are Cookies? When you visit a website, cookies are small text files stored on your device (computer, tablet, smartphone). They are widely used to make websites work more efficiently [&hellip;]","og_url":"https:\/\/zulf.sk\/sk\/cookie-policy\/","og_site_name":"zulf.sk","twitter_card":"summary_large_image","twitter_misc":{"Predpokladan\u00fd \u010das \u010d\u00edtania":"2 min\u00faty"},"schema":{"@context":"https:\/\/schema.org","@graph":[{"@type":"WebPage","@id":"https:\/\/zulf.sk\/cookie-policy\/","url":"https:\/\/zulf.sk\/cookie-policy\/","name":"Cookie Policy - zulf.sk","isPartOf":{"@id":"https:\/\/zulf.sk\/#website"},"datePublished":"2024-04-25T13:47:36+00:00","dateModified":"2024-04-25T13:47:36+00:00","breadcrumb":{"@id":"https:\/\/zulf.sk\/cookie-policy\/#breadcrumb"},"inLanguage":"sk-SK","potentialAction":[{"@type":"ReadAction","target":["https:\/\/zulf.sk\/cookie-policy\/"]}]},{"@type":"BreadcrumbList","@id":"https:\/\/zulf.sk\/cookie-policy\/#breadcrumb","itemListElement":[{"@type":"ListItem","position":1,"name":"Home","item":"https:\/\/zulf.sk\/"},{"@type":"ListItem","position":2,"name":"Cookie Policy"}]},{"@type":"WebSite","@id":"https:\/\/zulf.sk\/#website","url":"https:\/\/zulf.sk\/","name":"zulf.sk","description":"","publisher":{"@id":"https:\/\/zulf.sk\/#organization"},"potentialAction":[{"@type":"SearchAction","target":{"@type":"EntryPoint","urlTemplate":"https:\/\/zulf.sk\/?s={search_term_string}"},"query-input":"required name=search_term_string"}],"inLanguage":"sk-SK"},{"@type":"Organization","@id":"https:\/\/zulf.sk\/#organization","name":"zulf.sk","url":"https:\/\/zulf.sk\/","logo":{"@type":"ImageObject","inLanguage":"sk-SK","@id":"https:\/\/zulf.sk\/#\/schema\/logo\/image\/","url":"https:\/\/zulf.sk\/wp-content\/uploads\/2024\/04\/zulf_logo.svg","contentUrl":"https:\/\/zulf.sk\/wp-content\/uploads\/2024\/04\/zulf_logo.svg","width":128,"height":40,"caption":"zulf.sk"},"image":{"@id":"https:\/\/zulf.sk\/#\/schema\/logo\/image\/"}}]}},"_links":{"self":[{"href":"https:\/\/zulf.sk\/sk\/wp-json\/wp\/v2\/pages\/91","targetHints":{"allow":["GET"]}}],"collection":[{"href":"https:\/\/zulf.sk\/sk\/wp-json\/wp\/v2\/pages"}],"about":[{"href":"https:\/\/zulf.sk\/sk\/wp-json\/wp\/v2\/types\/page"}],"author":[{"embeddable":true,"href":"https:\/\/zulf.sk\/sk\/wp-json\/wp\/v2\/users\/1"}],"replies":[{"embeddable":true,"href":"https:\/\/zulf.sk\/sk\/wp-json\/wp\/v2\/comments?post=91"}],"version-history":[{"count":1,"href":"https:\/\/zulf.sk\/sk\/wp-json\/wp\/v2\/pages\/91\/revisions"}],"predecessor-version":[{"id":92,"href":"https:\/\/zulf.sk\/sk\/wp-json\/wp\/v2\/pages\/91\/revisions\/92"}],"wp:attachment":[{"href":"https:\/\/zulf.sk\/sk\/wp-json\/wp\/v2\/media?parent=91"}],"curies":[{"name":"wp","href":"https:\/\/api.w.org\/{rel}","templated":true}]}}