{"id":93,"date":"2024-04-25T13:48:13","date_gmt":"2024-04-25T13:48:13","guid":{"rendered":"https:\/\/zulf.sk\/?page_id=93"},"modified":"2024-04-25T13:48:13","modified_gmt":"2024-04-25T13:48:13","slug":"refund-policy","status":"publish","type":"page","link":"https:\/\/zulf.sk\/de\/refund-policy\/","title":{"rendered":"Erstattungspolitik"},"content":{"rendered":"<p>Bei Zulf s.r.o. sind wir bestrebt, einen hervorragenden Kundenservice zu bieten. Wir verstehen jedoch, dass es F\u00e4lle geben kann, in denen eine R\u00fcckerstattung notwendig ist. Bitte lesen Sie unsere Erstattungspolitik unten:<\/p>\n\n\n\n<h2 class=\"wp-block-heading\">Bedingungen f\u00fcr die Erstattung<\/h2>\n\n\n\n<p>Alle Erstattungen sind nur innerhalb von 30 Kalendertagen ab dem Datum der \u00dcberweisung m\u00f6glich. Auftr\u00e4ge sind erstattungsf\u00e4hig, bis die Zahlung an eine Werbeplattform oder ein Werbenetzwerk weitergeleitet und die Werbekampagne gestartet wurde.&nbsp;<\/p>\n\n\n\n<p>Wir bearbeiten auch Erstattungen f\u00fcr fehlerhafte Bestellungen (z. B. doppelte Zahlungen oder \u00dcberzahlungen).<\/p>\n\n\n\n<h2 class=\"wp-block-heading\">Initiierung einer Erstattung<\/h2>\n\n\n\n<p>Um eine R\u00fcckerstattung zu veranlassen, senden Sie bitte eine Anfrage an unsere E-Mail <strong>info@zulf.sk <\/strong>und f\u00fcgen Sie den Nachweis bei, dass Ihr Erstattungsantrag zul\u00e4ssig ist. Auch wenn Ihr Fall die Bedingungen nicht erf\u00fcllt, k\u00f6nnen Sie eine Erstattung beantragen. Wir werden Ihren Antrag pr\u00fcfen und Ihnen innerhalb von 5 Werktagen eine Entscheidung mitteilen.<\/p>\n\n\n\n<h2 class=\"wp-block-heading\">Genehmigte Erstattungen<\/h2>\n\n\n\n<p>Wenn Ihr R\u00fcckerstattungsantrag genehmigt wird und beide Parteien sich \u00fcber den Betrag einig sind, wird das Geld mit der gleichen Zahlungsmethode zur\u00fcckerstattet. Bitte beachten Sie, dass die Zahlungsmethode unter keinen Umst\u00e4nden ge\u00e4ndert werden kann.<\/p>\n\n\n\n<h2 class=\"wp-block-heading\">Kontakt<\/h2>\n\n\n\n<p>Sie k\u00f6nnen unser Team \u00fcber eine der folgenden Methoden erreichen:<\/p>\n\n\n\n<ul class=\"wp-block-list\">\n<li><strong>E-Mail:<\/strong> <a href=\"mailto:info@zulf.sk\">info@zulf.sk<\/a><\/li>\n\n\n\n<li><strong>Telefon:<\/strong> <a href=\"tel:+421233070456\">+421233070456<\/a><\/li>\n\n\n\n<li><strong>Website:<\/strong> <a href=\"https:\/\/zulf.sk\/de\/\">www.zulf.sk<\/a><\/li>\n<\/ul>\n\n\n\n<p>Wenn Sie Fragen haben oder weitere Unterst\u00fctzung bez\u00fcglich unserer R\u00fcckerstattungspolitik ben\u00f6tigen, z\u00f6gern Sie bitte nicht, uns zu kontaktieren.<\/p>","protected":false},"excerpt":{"rendered":"<p>Bei Zulf s.r.o. sind wir bestrebt, einen hervorragenden Kundenservice zu bieten. Wir verstehen jedoch, dass es F\u00e4lle geben kann, in denen eine R\u00fcckerstattung notwendig ist. Bitte lesen Sie unsere R\u00fcckerstattungspolitik unten: Bedingungen f\u00fcr die R\u00fcckerstattung Alle R\u00fcckerstattungen sind nur innerhalb von 30 Kalendertagen ab dem Datum der Geld\u00fcberweisung m\u00f6glich. Bestellungen sind erstattungsf\u00e4hig, bis die Zahlung [...]<\/p>","protected":false},"author":1,"featured_media":0,"parent":0,"menu_order":0,"comment_status":"closed","ping_status":"closed","template":"template-pages\/policy.php","meta":{"_acf_changed":false,"footnotes":""},"class_list":["post-93","page","type-page","status-publish","hentry"],"acf":[],"yoast_head":"<!-- This site is optimized with the Yoast SEO plugin v23.0 - https:\/\/yoast.com\/wordpress\/plugins\/seo\/ -->\n<title>Refund Policy - zulf.sk<\/title>\n<meta name=\"robots\" content=\"index, follow, max-snippet:-1, max-image-preview:large, max-video-preview:-1\" \/>\n<link rel=\"canonical\" href=\"https:\/\/zulf.sk\/de\/refund-policy\/\" \/>\n<meta property=\"og:locale\" content=\"de_DE\" \/>\n<meta property=\"og:type\" content=\"article\" \/>\n<meta property=\"og:title\" content=\"Refund Policy - zulf.sk\" \/>\n<meta property=\"og:description\" content=\"At Zulf s.r.o., we are committed to providing excellent customer service. However, we understand that there may be instances where a refund is necessary. Please read our refund policy below: Conditions for Refund All refunds are possible only within 30 calendar days from the date of the money transfer. Orders are refundable until payment is [&hellip;]\" \/>\n<meta property=\"og:url\" content=\"https:\/\/zulf.sk\/de\/refund-policy\/\" \/>\n<meta property=\"og:site_name\" content=\"zulf.sk\" \/>\n<meta name=\"twitter:card\" content=\"summary_large_image\" \/>\n<meta name=\"twitter:label1\" content=\"Gesch\u00e4tzte Lesezeit\" \/>\n\t<meta name=\"twitter:data1\" content=\"1\u00a0Minute\" \/>\n<script type=\"application\/ld+json\" class=\"yoast-schema-graph\">{\"@context\":\"https:\/\/schema.org\",\"@graph\":[{\"@type\":\"WebPage\",\"@id\":\"https:\/\/zulf.sk\/refund-policy\/\",\"url\":\"https:\/\/zulf.sk\/refund-policy\/\",\"name\":\"Refund Policy - zulf.sk\",\"isPartOf\":{\"@id\":\"https:\/\/zulf.sk\/#website\"},\"datePublished\":\"2024-04-25T13:48:13+00:00\",\"dateModified\":\"2024-04-25T13:48:13+00:00\",\"breadcrumb\":{\"@id\":\"https:\/\/zulf.sk\/refund-policy\/#breadcrumb\"},\"inLanguage\":\"de\",\"potentialAction\":[{\"@type\":\"ReadAction\",\"target\":[\"https:\/\/zulf.sk\/refund-policy\/\"]}]},{\"@type\":\"BreadcrumbList\",\"@id\":\"https:\/\/zulf.sk\/refund-policy\/#breadcrumb\",\"itemListElement\":[{\"@type\":\"ListItem\",\"position\":1,\"name\":\"Home\",\"item\":\"https:\/\/zulf.sk\/\"},{\"@type\":\"ListItem\",\"position\":2,\"name\":\"Refund Policy\"}]},{\"@type\":\"WebSite\",\"@id\":\"https:\/\/zulf.sk\/#website\",\"url\":\"https:\/\/zulf.sk\/\",\"name\":\"zulf.sk\",\"description\":\"\",\"publisher\":{\"@id\":\"https:\/\/zulf.sk\/#organization\"},\"potentialAction\":[{\"@type\":\"SearchAction\",\"target\":{\"@type\":\"EntryPoint\",\"urlTemplate\":\"https:\/\/zulf.sk\/?s={search_term_string}\"},\"query-input\":\"required name=search_term_string\"}],\"inLanguage\":\"de\"},{\"@type\":\"Organization\",\"@id\":\"https:\/\/zulf.sk\/#organization\",\"name\":\"zulf.sk\",\"url\":\"https:\/\/zulf.sk\/\",\"logo\":{\"@type\":\"ImageObject\",\"inLanguage\":\"de\",\"@id\":\"https:\/\/zulf.sk\/#\/schema\/logo\/image\/\",\"url\":\"https:\/\/zulf.sk\/wp-content\/uploads\/2024\/04\/zulf_logo.svg\",\"contentUrl\":\"https:\/\/zulf.sk\/wp-content\/uploads\/2024\/04\/zulf_logo.svg\",\"width\":128,\"height\":40,\"caption\":\"zulf.sk\"},\"image\":{\"@id\":\"https:\/\/zulf.sk\/#\/schema\/logo\/image\/\"}}]}<\/script>\n<!-- \/ Yoast SEO plugin. -->","yoast_head_json":{"title":"Refund Policy - zulf.sk","robots":{"index":"index","follow":"follow","max-snippet":"max-snippet:-1","max-image-preview":"max-image-preview:large","max-video-preview":"max-video-preview:-1"},"canonical":"https:\/\/zulf.sk\/de\/refund-policy\/","og_locale":"de_DE","og_type":"article","og_title":"Refund Policy - zulf.sk","og_description":"At Zulf s.r.o., we are committed to providing excellent customer service. However, we understand that there may be instances where a refund is necessary. Please read our refund policy below: Conditions for Refund All refunds are possible only within 30 calendar days from the date of the money transfer. Orders are refundable until payment is [&hellip;]","og_url":"https:\/\/zulf.sk\/de\/refund-policy\/","og_site_name":"zulf.sk","twitter_card":"summary_large_image","twitter_misc":{"Gesch\u00e4tzte Lesezeit":"1\u00a0Minute"},"schema":{"@context":"https:\/\/schema.org","@graph":[{"@type":"WebPage","@id":"https:\/\/zulf.sk\/refund-policy\/","url":"https:\/\/zulf.sk\/refund-policy\/","name":"Refund Policy - zulf.sk","isPartOf":{"@id":"https:\/\/zulf.sk\/#website"},"datePublished":"2024-04-25T13:48:13+00:00","dateModified":"2024-04-25T13:48:13+00:00","breadcrumb":{"@id":"https:\/\/zulf.sk\/refund-policy\/#breadcrumb"},"inLanguage":"de","potentialAction":[{"@type":"ReadAction","target":["https:\/\/zulf.sk\/refund-policy\/"]}]},{"@type":"BreadcrumbList","@id":"https:\/\/zulf.sk\/refund-policy\/#breadcrumb","itemListElement":[{"@type":"ListItem","position":1,"name":"Home","item":"https:\/\/zulf.sk\/"},{"@type":"ListItem","position":2,"name":"Refund Policy"}]},{"@type":"WebSite","@id":"https:\/\/zulf.sk\/#website","url":"https:\/\/zulf.sk\/","name":"zulf.sk","description":"","publisher":{"@id":"https:\/\/zulf.sk\/#organization"},"potentialAction":[{"@type":"SearchAction","target":{"@type":"EntryPoint","urlTemplate":"https:\/\/zulf.sk\/?s={search_term_string}"},"query-input":"required name=search_term_string"}],"inLanguage":"de"},{"@type":"Organization","@id":"https:\/\/zulf.sk\/#organization","name":"zulf.sk","url":"https:\/\/zulf.sk\/","logo":{"@type":"ImageObject","inLanguage":"de","@id":"https:\/\/zulf.sk\/#\/schema\/logo\/image\/","url":"https:\/\/zulf.sk\/wp-content\/uploads\/2024\/04\/zulf_logo.svg","contentUrl":"https:\/\/zulf.sk\/wp-content\/uploads\/2024\/04\/zulf_logo.svg","width":128,"height":40,"caption":"zulf.sk"},"image":{"@id":"https:\/\/zulf.sk\/#\/schema\/logo\/image\/"}}]}},"_links":{"self":[{"href":"https:\/\/zulf.sk\/de\/wp-json\/wp\/v2\/pages\/93","targetHints":{"allow":["GET"]}}],"collection":[{"href":"https:\/\/zulf.sk\/de\/wp-json\/wp\/v2\/pages"}],"about":[{"href":"https:\/\/zulf.sk\/de\/wp-json\/wp\/v2\/types\/page"}],"author":[{"embeddable":true,"href":"https:\/\/zulf.sk\/de\/wp-json\/wp\/v2\/users\/1"}],"replies":[{"embeddable":true,"href":"https:\/\/zulf.sk\/de\/wp-json\/wp\/v2\/comments?post=93"}],"version-history":[{"count":1,"href":"https:\/\/zulf.sk\/de\/wp-json\/wp\/v2\/pages\/93\/revisions"}],"predecessor-version":[{"id":94,"href":"https:\/\/zulf.sk\/de\/wp-json\/wp\/v2\/pages\/93\/revisions\/94"}],"wp:attachment":[{"href":"https:\/\/zulf.sk\/de\/wp-json\/wp\/v2\/media?parent=93"}],"curies":[{"name":"wp","href":"https:\/\/api.w.org\/{rel}","templated":true}]}}