{"id":91,"date":"2024-04-25T13:47:36","date_gmt":"2024-04-25T13:47:36","guid":{"rendered":"https:\/\/zulf.sk\/?page_id=91"},"modified":"2024-04-25T13:47:36","modified_gmt":"2024-04-25T13:47:36","slug":"cookie-policy","status":"publish","type":"page","link":"https:\/\/zulf.sk\/de\/cookie-policy\/","title":{"rendered":"Cookie-Richtlinie"},"content":{"rendered":"<p>Diese Cookie-Richtlinie erkl\u00e4rt, wie Zulf s.r.o. (\"Zulf\", \"wir\", \"uns\" oder \"unser\") Cookies und \u00e4hnliche Tracking-Technologien verwendet, wenn Sie unsere Website besuchen <a href=\"https:\/\/zulf.sk\/de\/\">&nbsp;zulf.sk<\/a> (\"Website\").<\/p>\n\n\n\n<h2 class=\"wp-block-heading\">Was sind Cookies?<\/h2>\n\n\n\n<p>Wenn Sie eine Website besuchen, sind Cookies kleine Textdateien, die auf Ihrem Ger\u00e4t (Computer, Tablet, Smartphone) gespeichert werden. Sie werden h\u00e4ufig verwendet, um Websites effizienter zu machen und den Website-Betreibern Informationen zu liefern.<\/p>\n\n\n\n<h2 class=\"wp-block-heading\">Wie verwenden wir Cookies?<\/h2>\n\n\n\n<p>Wir verwenden Cookies f\u00fcr die folgenden Zwecke:<\/p>\n\n\n\n<ol class=\"wp-block-list\">\n<li><strong>Wesentliche Cookies:<\/strong> Diese Cookies sind f\u00fcr das Funktionieren unserer Website erforderlich. Sie erm\u00f6glichen es Ihnen, auf unserer Website zu navigieren und ihre Funktionen zu nutzen. Die von Ihnen angeforderten Dienste k\u00f6nnen ohne diese Cookies nicht bereitgestellt werden.<\/li>\n\n\n\n<li><strong>Analytische\/Leistungs-Cookies: <\/strong>Diese Cookies erm\u00f6glichen es uns, die Anzahl der Besucher zu erkennen und zu z\u00e4hlen und zu sehen, wie sie auf unserer Website navigieren. Dies hilft uns, die Funktionsweise unserer Website zu verbessern, indem wir zum Beispiel sicherstellen, dass die Nutzer leicht finden, was sie suchen.<\/li>\n\n\n\n<li><strong>Funktionalit\u00e4t der Cookies <\/strong>die es uns erm\u00f6glichen, unsere Inhalte f\u00fcr Sie zu personalisieren, Sie mit Ihrem Namen zu begr\u00fc\u00dfen und Ihre Pr\u00e4ferenzen zu speichern (z. B. Ihre Wahl der Sprache oder Region).<\/li>\n<\/ol>\n\n\n\n<h2 class=\"wp-block-heading\">Cookies von Drittanbietern<\/h2>\n\n\n\n<p>Wir verwenden auch Cookies von Dritten f\u00fcr Analyse- und Werbezwecke. Diese Cookies sammeln Informationen \u00fcber Ihre Surfgewohnheiten auf unserer Website und anderen von Ihnen besuchten Websites. Diese Informationen werden verwendet, um personalisierte Werbung auf der Grundlage Ihrer Interessen anzubieten und die Wirksamkeit unserer Werbekampagnen zu messen.<\/p>\n\n\n\n<h2 class=\"wp-block-heading\">Ihre Wahlm\u00f6glichkeiten in Bezug auf Cookies<\/h2>\n\n\n\n<p>Sie k\u00f6nnen w\u00e4hlen, ob Sie Cookies akzeptieren oder ablehnen. Die meisten Webbrowser akzeptieren Cookies automatisch, aber Sie k\u00f6nnen die Einstellungen Ihres Browsers in der Regel \u00e4ndern, um sie abzulehnen, wenn Sie dies w\u00fcnschen. Dies kann jedoch dazu f\u00fchren, dass Sie die Vorteile der Website nicht in vollem Umfang nutzen k\u00f6nnen.<\/p>\n\n\n\n<p>Um mehr \u00fcber Cookies und deren Verwaltung zu erfahren, besuchen Sie<a href=\"http:\/\/www.aboutcookies.org\/\"> www.aboutcookies.org<\/a>.<\/p>\n\n\n\n<h2 class=\"wp-block-heading\">Kontakt<\/h2>\n\n\n\n<p>Wenn Sie Fragen zu unserer Cookie-Richtlinie haben, wenden Sie sich bitte an uns:<\/p>\n\n\n\n<ul class=\"wp-block-list\">\n<li>E-Mail: <a href=\"mailto:info@zulf.sk\">info@zulf.sk<\/a><\/li>\n\n\n\n<li>Telefon: <a href=\"tel:+421233070456\">+421233070456<\/a><\/li>\n\n\n\n<li>Website:<a href=\"https:\/\/zulf.sk\/de\/\"> zulf.sk<\/a><\/li>\n<\/ul>","protected":false},"excerpt":{"rendered":"<p>Diese Cookie-Richtlinie erkl\u00e4rt, wie Zulf s.r.o. (\"Zulf\", \"wir\", \"uns\" oder \"unser\") Cookies und \u00e4hnliche Tracking-Technologien verwendet, wenn Sie unsere Website zulf.sk (\"Website\") besuchen. Was sind Cookies? Wenn Sie eine Website besuchen, sind Cookies kleine Textdateien, die auf Ihrem Ger\u00e4t (Computer, Tablet, Smartphone) gespeichert werden. Sie werden h\u00e4ufig verwendet, um Websites effizienter zu gestalten [...]<\/p>","protected":false},"author":1,"featured_media":0,"parent":0,"menu_order":0,"comment_status":"closed","ping_status":"closed","template":"template-pages\/policy.php","meta":{"_acf_changed":false,"footnotes":""},"class_list":["post-91","page","type-page","status-publish","hentry"],"acf":[],"yoast_head":"<!-- This site is optimized with the Yoast SEO plugin v23.0 - https:\/\/yoast.com\/wordpress\/plugins\/seo\/ -->\n<title>Cookie Policy - zulf.sk<\/title>\n<meta name=\"robots\" content=\"index, follow, max-snippet:-1, max-image-preview:large, max-video-preview:-1\" \/>\n<link rel=\"canonical\" href=\"https:\/\/zulf.sk\/de\/cookie-policy\/\" \/>\n<meta property=\"og:locale\" content=\"de_DE\" \/>\n<meta property=\"og:type\" content=\"article\" \/>\n<meta property=\"og:title\" content=\"Cookie Policy - zulf.sk\" \/>\n<meta property=\"og:description\" content=\"This Cookie Policy explains how Zulf s.r.o. (&#8220;Zulf,&#8221; &#8220;we,&#8221; &#8220;us,&#8221; or &#8220;our&#8221;) uses cookies and similar tracking technologies when you visit our Website &nbsp;zulf.sk (&#8220;Website&#8221;). What Are Cookies? When you visit a website, cookies are small text files stored on your device (computer, tablet, smartphone). They are widely used to make websites work more efficiently [&hellip;]\" \/>\n<meta property=\"og:url\" content=\"https:\/\/zulf.sk\/de\/cookie-policy\/\" \/>\n<meta property=\"og:site_name\" content=\"zulf.sk\" \/>\n<meta name=\"twitter:card\" content=\"summary_large_image\" \/>\n<meta name=\"twitter:label1\" content=\"Gesch\u00e4tzte Lesezeit\" \/>\n\t<meta name=\"twitter:data1\" content=\"2\u00a0Minuten\" \/>\n<script type=\"application\/ld+json\" class=\"yoast-schema-graph\">{\"@context\":\"https:\/\/schema.org\",\"@graph\":[{\"@type\":\"WebPage\",\"@id\":\"https:\/\/zulf.sk\/cookie-policy\/\",\"url\":\"https:\/\/zulf.sk\/cookie-policy\/\",\"name\":\"Cookie Policy - zulf.sk\",\"isPartOf\":{\"@id\":\"https:\/\/zulf.sk\/#website\"},\"datePublished\":\"2024-04-25T13:47:36+00:00\",\"dateModified\":\"2024-04-25T13:47:36+00:00\",\"breadcrumb\":{\"@id\":\"https:\/\/zulf.sk\/cookie-policy\/#breadcrumb\"},\"inLanguage\":\"de\",\"potentialAction\":[{\"@type\":\"ReadAction\",\"target\":[\"https:\/\/zulf.sk\/cookie-policy\/\"]}]},{\"@type\":\"BreadcrumbList\",\"@id\":\"https:\/\/zulf.sk\/cookie-policy\/#breadcrumb\",\"itemListElement\":[{\"@type\":\"ListItem\",\"position\":1,\"name\":\"Home\",\"item\":\"https:\/\/zulf.sk\/\"},{\"@type\":\"ListItem\",\"position\":2,\"name\":\"Cookie Policy\"}]},{\"@type\":\"WebSite\",\"@id\":\"https:\/\/zulf.sk\/#website\",\"url\":\"https:\/\/zulf.sk\/\",\"name\":\"zulf.sk\",\"description\":\"\",\"publisher\":{\"@id\":\"https:\/\/zulf.sk\/#organization\"},\"potentialAction\":[{\"@type\":\"SearchAction\",\"target\":{\"@type\":\"EntryPoint\",\"urlTemplate\":\"https:\/\/zulf.sk\/?s={search_term_string}\"},\"query-input\":\"required name=search_term_string\"}],\"inLanguage\":\"de\"},{\"@type\":\"Organization\",\"@id\":\"https:\/\/zulf.sk\/#organization\",\"name\":\"zulf.sk\",\"url\":\"https:\/\/zulf.sk\/\",\"logo\":{\"@type\":\"ImageObject\",\"inLanguage\":\"de\",\"@id\":\"https:\/\/zulf.sk\/#\/schema\/logo\/image\/\",\"url\":\"https:\/\/zulf.sk\/wp-content\/uploads\/2024\/04\/zulf_logo.svg\",\"contentUrl\":\"https:\/\/zulf.sk\/wp-content\/uploads\/2024\/04\/zulf_logo.svg\",\"width\":128,\"height\":40,\"caption\":\"zulf.sk\"},\"image\":{\"@id\":\"https:\/\/zulf.sk\/#\/schema\/logo\/image\/\"}}]}<\/script>\n<!-- \/ Yoast SEO plugin. -->","yoast_head_json":{"title":"Cookie Policy - zulf.sk","robots":{"index":"index","follow":"follow","max-snippet":"max-snippet:-1","max-image-preview":"max-image-preview:large","max-video-preview":"max-video-preview:-1"},"canonical":"https:\/\/zulf.sk\/de\/cookie-policy\/","og_locale":"de_DE","og_type":"article","og_title":"Cookie Policy - zulf.sk","og_description":"This Cookie Policy explains how Zulf s.r.o. (&#8220;Zulf,&#8221; &#8220;we,&#8221; &#8220;us,&#8221; or &#8220;our&#8221;) uses cookies and similar tracking technologies when you visit our Website &nbsp;zulf.sk (&#8220;Website&#8221;). What Are Cookies? When you visit a website, cookies are small text files stored on your device (computer, tablet, smartphone). They are widely used to make websites work more efficiently [&hellip;]","og_url":"https:\/\/zulf.sk\/de\/cookie-policy\/","og_site_name":"zulf.sk","twitter_card":"summary_large_image","twitter_misc":{"Gesch\u00e4tzte Lesezeit":"2\u00a0Minuten"},"schema":{"@context":"https:\/\/schema.org","@graph":[{"@type":"WebPage","@id":"https:\/\/zulf.sk\/cookie-policy\/","url":"https:\/\/zulf.sk\/cookie-policy\/","name":"Cookie Policy - zulf.sk","isPartOf":{"@id":"https:\/\/zulf.sk\/#website"},"datePublished":"2024-04-25T13:47:36+00:00","dateModified":"2024-04-25T13:47:36+00:00","breadcrumb":{"@id":"https:\/\/zulf.sk\/cookie-policy\/#breadcrumb"},"inLanguage":"de","potentialAction":[{"@type":"ReadAction","target":["https:\/\/zulf.sk\/cookie-policy\/"]}]},{"@type":"BreadcrumbList","@id":"https:\/\/zulf.sk\/cookie-policy\/#breadcrumb","itemListElement":[{"@type":"ListItem","position":1,"name":"Home","item":"https:\/\/zulf.sk\/"},{"@type":"ListItem","position":2,"name":"Cookie Policy"}]},{"@type":"WebSite","@id":"https:\/\/zulf.sk\/#website","url":"https:\/\/zulf.sk\/","name":"zulf.sk","description":"","publisher":{"@id":"https:\/\/zulf.sk\/#organization"},"potentialAction":[{"@type":"SearchAction","target":{"@type":"EntryPoint","urlTemplate":"https:\/\/zulf.sk\/?s={search_term_string}"},"query-input":"required name=search_term_string"}],"inLanguage":"de"},{"@type":"Organization","@id":"https:\/\/zulf.sk\/#organization","name":"zulf.sk","url":"https:\/\/zulf.sk\/","logo":{"@type":"ImageObject","inLanguage":"de","@id":"https:\/\/zulf.sk\/#\/schema\/logo\/image\/","url":"https:\/\/zulf.sk\/wp-content\/uploads\/2024\/04\/zulf_logo.svg","contentUrl":"https:\/\/zulf.sk\/wp-content\/uploads\/2024\/04\/zulf_logo.svg","width":128,"height":40,"caption":"zulf.sk"},"image":{"@id":"https:\/\/zulf.sk\/#\/schema\/logo\/image\/"}}]}},"_links":{"self":[{"href":"https:\/\/zulf.sk\/de\/wp-json\/wp\/v2\/pages\/91","targetHints":{"allow":["GET"]}}],"collection":[{"href":"https:\/\/zulf.sk\/de\/wp-json\/wp\/v2\/pages"}],"about":[{"href":"https:\/\/zulf.sk\/de\/wp-json\/wp\/v2\/types\/page"}],"author":[{"embeddable":true,"href":"https:\/\/zulf.sk\/de\/wp-json\/wp\/v2\/users\/1"}],"replies":[{"embeddable":true,"href":"https:\/\/zulf.sk\/de\/wp-json\/wp\/v2\/comments?post=91"}],"version-history":[{"count":1,"href":"https:\/\/zulf.sk\/de\/wp-json\/wp\/v2\/pages\/91\/revisions"}],"predecessor-version":[{"id":92,"href":"https:\/\/zulf.sk\/de\/wp-json\/wp\/v2\/pages\/91\/revisions\/92"}],"wp:attachment":[{"href":"https:\/\/zulf.sk\/de\/wp-json\/wp\/v2\/media?parent=91"}],"curies":[{"name":"wp","href":"https:\/\/api.w.org\/{rel}","templated":true}]}}