{"id":3,"date":"2024-04-24T12:22:05","date_gmt":"2024-04-24T12:22:05","guid":{"rendered":"http:\/\/zulf.sk\/?page_id=3"},"modified":"2024-04-25T13:38:34","modified_gmt":"2024-04-25T13:38:34","slug":"privacy-policy","status":"publish","type":"page","link":"https:\/\/zulf.sk\/de\/privacy-policy\/","title":{"rendered":"Datenschutzbestimmungen"},"content":{"rendered":"<p>Bei Zulf s.r.o. (\"Zulf\", \"wir\", \"uns\" oder \"unser\") respektieren wir Ihre Privatsph\u00e4re und verpflichten uns, alle von Ihnen bereitgestellten Informationen zu sch\u00fctzen. In dieser Datenschutzrichtlinie wird dargelegt, wie wir Ihre pers\u00f6nlichen Daten sammeln, verwenden und sch\u00fctzen.<\/p>\n\n\n\n<h2 class=\"wp-block-heading\">Gesammelte Informationen<\/h2>\n\n\n\n<p>Wir sammeln Informationen, wenn Sie ein Formular auf unserer Website ausf\u00fcllen oder uns per E-Mail kontaktieren. Dazu k\u00f6nnen Ihr Name, Ihre E-Mail-Adresse, Ihre Telefonnummer, Ihr Firmenname, Ihre Website und weitere von Ihnen angegebene Daten geh\u00f6ren. Sie k\u00f6nnen sich auch daf\u00fcr entscheiden, beim Besuch unserer Website anonym zu bleiben.<\/p>\n\n\n\n<h2 class=\"wp-block-heading\">Cookies<\/h2>\n\n\n\n<p>Unsere Website und andere Web-Eigenschaften k\u00f6nnen die Cookie-Technologie nutzen, um Daten \u00fcber die Nutzung der Website zu sammeln und unsere Dienste zu verbessern. Cookies sind kleine Informationen, die auf Ihrem Computer gespeichert werden und dazu beitragen, Ihren Browser w\u00e4hrend der Interaktion mit der Website zu identifizieren. Diese Cookies k\u00f6nnen Kennungen und Benutzereinstellungen speichern. Sie k\u00f6nnen Ihren Browser so konfigurieren, dass er Cookies akzeptiert, ablehnt oder Sie benachrichtigt, wenn ein Cookie gesetzt wird. Im Hilfemen\u00fc Ihres Browsers finden Sie Anweisungen zur Verwaltung Ihrer Cookie-Einstellungen.<\/p>\n\n\n\n<h2 class=\"wp-block-heading\">Wie wir Ihre Informationen verwenden<\/h2>\n\n\n\n<p>Die von uns gesammelten Informationen k\u00f6nnen auf folgende Weise verwendet werden:<\/p>\n\n\n\n<ul class=\"wp-block-list\">\n<li>Personalisierung Ihrer Erfahrungen, um besser auf Ihre individuellen Bed\u00fcrfnisse eingehen zu k\u00f6nnen.<\/li>\n\n\n\n<li>Verbesserung unserer Website auf der Grundlage der R\u00fcckmeldungen, die wir erhalten.<\/li>\n\n\n\n<li>Verbesserung des Kundendienstes, um besser auf Ihre Anfragen und Supportbed\u00fcrfnisse reagieren zu k\u00f6nnen.<\/li>\n\n\n\n<li>Verwaltung von Wettbewerben, Werbeaktionen, Umfragen oder anderen Website-Funktionen.<\/li>\n\n\n\n<li>Bereitstellung von Werbung f\u00fcr Sie auf der Grundlage Ihrer Interaktionen mit unserer Website.<\/li>\n\n\n\n<li>Versendung regelm\u00e4\u00dfiger E-Mails oder Kontaktaufnahme mit Ihnen, um Informationen zu erhalten.<\/li>\n<\/ul>\n\n\n\n<h2 class=\"wp-block-heading\">Gemeinsame Nutzung von Informationen<\/h2>\n\n\n\n<p>Wir verkaufen, tauschen oder \u00fcbertragen Ihre pers\u00f6nlich identifizierbaren Daten nicht an Dritte. Vertrauensw\u00fcrdige Dritte k\u00f6nnen uns beim Betrieb der Website, bei der Gesch\u00e4ftsabwicklung oder beim Kundendienst unterst\u00fctzen, sofern sie sich zur Wahrung der Vertraulichkeit verpflichten. Wir k\u00f6nnen Ihre Daten weitergeben, wenn das Gesetz es erfordert, um unsere Website-Richtlinien durchzusetzen oder unsere Rechte, unser Eigentum oder unsere Sicherheit zu sch\u00fctzen. Nicht pers\u00f6nlich identifizierbare Besucherdaten k\u00f6nnen jedoch zu Marketing-, Werbe- oder \u00e4hnlichen Zwecken an andere Parteien weitergegeben werden.<\/p>\n\n\n\n<h2 class=\"wp-block-heading\">Speicherung von Informationen<\/h2>\n\n\n\n<p>Wir setzen verschiedene Sicherheitsma\u00dfnahmen ein, um Ihre pers\u00f6nlichen Daten zu sch\u00fctzen. Ihre Daten k\u00f6nnen gespeichert werden, bis Sie deren L\u00f6schung verlangen.<\/p>\n\n\n\n<h2 class=\"wp-block-heading\">GDPR-Einhaltung<\/h2>\n\n\n\n<p>Wir bei Zulf s.r.o. verpflichten uns, sicherzustellen, dass alle von uns verarbeiteten personenbezogenen Daten in \u00dcbereinstimmung mit der Allgemeinen Datenschutzverordnung verarbeitet werden. Die GDPR ist ein umfassendes Datenschutzgesetz, das am 25. Mai 2018 in Kraft getreten ist und strenge Anforderungen an die Erfassung, Verarbeitung und Speicherung personenbezogener Daten stellt.<\/p>\n\n\n\n<p>Zu den wichtigsten Bestimmungen unserer GDPR-Compliance geh\u00f6ren:<\/p>\n\n\n\n<ol class=\"wp-block-list\">\n<li><strong>Rechtm\u00e4\u00dfigkeit, Fairness und Transparenz:<\/strong> Wir stellen sicher, dass personenbezogene Daten auf rechtm\u00e4\u00dfige, faire und transparente Weise verarbeitet werden. Wir informieren Einzelpersonen \u00fcber die Zwecke der Verarbeitung ihrer Daten und deren Rechtsgrundlage.<\/li>\n\n\n\n<li><strong>Zweckbegrenzung:<\/strong> Wir erfassen personenbezogene Daten f\u00fcr festgelegte, eindeutige und rechtm\u00e4\u00dfige Zwecke und verarbeiten sie nicht in einer Weise weiter, die mit diesen Zwecken unvereinbar ist.<\/li>\n\n\n\n<li><strong>Datenminimierung:<\/strong> Wir sammeln nur personenbezogene Daten, die angemessen und relevant sind und sich auf das beschr\u00e4nken, was f\u00fcr die Zwecke, f\u00fcr die sie verarbeitet werden, erforderlich ist.<\/li>\n\n\n\n<li><strong>Genauigkeit:<\/strong> Wir ergreifen angemessene Ma\u00dfnahmen, um sicherzustellen, dass personenbezogene Daten richtig, vollst\u00e4ndig und aktuell sind.<\/li>\n\n\n\n<li><strong>Speicherbegrenzung:<\/strong> Wir speichern personenbezogene Daten nicht l\u00e4nger, als es f\u00fcr die Zwecke, f\u00fcr die sie verarbeitet werden, erforderlich ist.<\/li>\n\n\n\n<li><strong>Integrit\u00e4t und Vertraulichkeit:<\/strong> Wir setzen geeignete technische und organisatorische Ma\u00dfnahmen ein, um ein dem Risiko angemessenes Sicherheitsniveau zu gew\u00e4hrleisten, einschlie\u00dflich des Schutzes personenbezogener Daten vor unbefugter oder unrechtm\u00e4\u00dfiger Verarbeitung und vor versehentlichem Verlust, Vernichtung oder Besch\u00e4digung.<\/li>\n\n\n\n<li><strong>Rechte der betroffenen Personen:<\/strong> Wir respektieren die Rechte nat\u00fcrlicher Personen in Bezug auf ihre Daten, einschlie\u00dflich des Rechts auf Zugang, Berichtigung, L\u00f6schung, Einschr\u00e4nkung der Verarbeitung, Daten\u00fcbertragbarkeit und des Rechts auf Widerspruch gegen die Verarbeitung.<\/li>\n\n\n\n<li><strong>Rechtm\u00e4\u00dfige Grundlage f\u00fcr die Verarbeitung:<\/strong> Wir ermitteln und dokumentieren die Rechtsgrundlage f\u00fcr die Verarbeitung personenbezogener Daten, einschlie\u00dflich der Einwilligung, der vertraglichen Notwendigkeit, rechtlicher Verpflichtungen, lebenswichtiger Interessen, \u00f6ffentlicher Aufgaben und berechtigter Interessen.<\/li>\n\n\n\n<li><strong>Internationale Daten\u00fcbertragungen:<\/strong> Bei der \u00dcbermittlung personenbezogener Daten in L\u00e4nder au\u00dferhalb des Europ\u00e4ischen Wirtschaftsraums (EWR) stellen wir sicher, dass angemessene Sicherheitsma\u00dfnahmen zum Schutz der Daten ergriffen werden.<\/li>\n<\/ol>\n\n\n\n<p>Unsere Verpflichtung zur Einhaltung der GDPR gew\u00e4hrleistet, dass Ihre personenbezogenen Daten sicher, transparent und gesetzeskonform verarbeitet werden. Wenn Sie Fragen oder Bedenken bez\u00fcglich der Einhaltung der GDPR oder des Umgangs mit Ihren Daten haben, wenden Sie sich bitte an uns, indem Sie die in unserer Datenschutzrichtlinie angegebenen Informationen nutzen.<\/p>\n\n\n\n<h2 class=\"wp-block-heading\">Ihr Einverst\u00e4ndnis<\/h2>\n\n\n\n<p>Durch die Nutzung unserer Website erkl\u00e4ren Sie sich mit unserer Datenschutzrichtlinie einverstanden.<\/p>\n\n\n\n<h2 class=\"wp-block-heading\">\u00c4nderungen an unserer Datenschutzrichtlinie<\/h2>\n\n\n\n<p>Alle \u00c4nderungen an unserer Datenschutzpolitik werden auf dieser Seite ver\u00f6ffentlicht.<\/p>\n\n\n\n<h2 class=\"wp-block-heading\">Kontakt<\/h2>\n\n\n\n<p>Wenn Sie Fragen zu dieser Datenschutzerkl\u00e4rung haben oder Ihre Daten aktualisieren m\u00f6chten, wenden Sie sich bitte auf folgende Weise an uns:<\/p>\n\n\n\n<ul class=\"wp-block-list\">\n<li>E-Mail: <a href=\"mailto:info@zulf.sk\">info@zulf.sk<\/a><\/li>\n\n\n\n<li>Telefon: <a href=\"tel:+421233070456\">+421233070456<\/a><\/li>\n\n\n\n<li>Website: <a href=\"https:\/\/zulf.sk\/de\/\">zulf.sk<\/a><\/li>\n<\/ul>","protected":false},"excerpt":{"rendered":"<p>Bei Zulf s.r.o. (\"Zulf\", \"wir\", \"uns\" oder \"unser\") respektieren wir Ihre Privatsph\u00e4re und verpflichten uns, alle von Ihnen bereitgestellten Informationen zu sch\u00fctzen. In dieser Datenschutzrichtlinie wird dargelegt, wie wir Ihre pers\u00f6nlichen Daten sammeln, verwenden und sch\u00fctzen. Informationen, die wir sammeln Wir sammeln Informationen, wenn Sie ein Formular auf unserer Website ausf\u00fcllen oder uns per E-Mail kontaktieren. Diese [...]<\/p>","protected":false},"author":1,"featured_media":0,"parent":0,"menu_order":0,"comment_status":"closed","ping_status":"open","template":"template-pages\/policy.php","meta":{"_acf_changed":false,"footnotes":""},"class_list":["post-3","page","type-page","status-publish","hentry"],"acf":[],"yoast_head":"<!-- This site is optimized with the Yoast SEO plugin v23.0 - https:\/\/yoast.com\/wordpress\/plugins\/seo\/ -->\n<title>Privacy Policy - zulf.sk<\/title>\n<meta name=\"robots\" content=\"index, follow, max-snippet:-1, max-image-preview:large, max-video-preview:-1\" \/>\n<link rel=\"canonical\" href=\"https:\/\/zulf.sk\/de\/privacy-policy\/\" \/>\n<meta property=\"og:locale\" content=\"de_DE\" \/>\n<meta property=\"og:type\" content=\"article\" \/>\n<meta property=\"og:title\" content=\"Privacy Policy - zulf.sk\" \/>\n<meta property=\"og:description\" content=\"At Zulf s.r.o. (&#8220;Zulf,&#8221; &#8220;we&#8221;, &#8220;us&#8221;, or &#8220;our&#8221;), we respect your privacy and are committed to protecting any information you provide. This Privacy Policy outlines how we collect, use, and safeguard your personal information. Information We Collect We collect information when you fill out a form on our website or contact us by email. This [&hellip;]\" \/>\n<meta property=\"og:url\" content=\"https:\/\/zulf.sk\/de\/privacy-policy\/\" \/>\n<meta property=\"og:site_name\" content=\"zulf.sk\" \/>\n<meta property=\"article:modified_time\" content=\"2024-04-25T13:38:34+00:00\" \/>\n<meta name=\"twitter:card\" content=\"summary_large_image\" \/>\n<meta name=\"twitter:label1\" content=\"Gesch\u00e4tzte Lesezeit\" \/>\n\t<meta name=\"twitter:data1\" content=\"4\u00a0Minuten\" \/>\n<script type=\"application\/ld+json\" class=\"yoast-schema-graph\">{\"@context\":\"https:\/\/schema.org\",\"@graph\":[{\"@type\":\"WebPage\",\"@id\":\"https:\/\/zulf.sk\/privacy-policy\/\",\"url\":\"https:\/\/zulf.sk\/privacy-policy\/\",\"name\":\"Privacy Policy - zulf.sk\",\"isPartOf\":{\"@id\":\"https:\/\/zulf.sk\/#website\"},\"datePublished\":\"2024-04-24T12:22:05+00:00\",\"dateModified\":\"2024-04-25T13:38:34+00:00\",\"breadcrumb\":{\"@id\":\"https:\/\/zulf.sk\/privacy-policy\/#breadcrumb\"},\"inLanguage\":\"de\",\"potentialAction\":[{\"@type\":\"ReadAction\",\"target\":[\"https:\/\/zulf.sk\/privacy-policy\/\"]}]},{\"@type\":\"BreadcrumbList\",\"@id\":\"https:\/\/zulf.sk\/privacy-policy\/#breadcrumb\",\"itemListElement\":[{\"@type\":\"ListItem\",\"position\":1,\"name\":\"Home\",\"item\":\"https:\/\/zulf.sk\/\"},{\"@type\":\"ListItem\",\"position\":2,\"name\":\"Privacy Policy\"}]},{\"@type\":\"WebSite\",\"@id\":\"https:\/\/zulf.sk\/#website\",\"url\":\"https:\/\/zulf.sk\/\",\"name\":\"zulf.sk\",\"description\":\"\",\"publisher\":{\"@id\":\"https:\/\/zulf.sk\/#organization\"},\"potentialAction\":[{\"@type\":\"SearchAction\",\"target\":{\"@type\":\"EntryPoint\",\"urlTemplate\":\"https:\/\/zulf.sk\/?s={search_term_string}\"},\"query-input\":\"required name=search_term_string\"}],\"inLanguage\":\"de\"},{\"@type\":\"Organization\",\"@id\":\"https:\/\/zulf.sk\/#organization\",\"name\":\"zulf.sk\",\"url\":\"https:\/\/zulf.sk\/\",\"logo\":{\"@type\":\"ImageObject\",\"inLanguage\":\"de\",\"@id\":\"https:\/\/zulf.sk\/#\/schema\/logo\/image\/\",\"url\":\"https:\/\/zulf.sk\/wp-content\/uploads\/2024\/04\/zulf_logo.svg\",\"contentUrl\":\"https:\/\/zulf.sk\/wp-content\/uploads\/2024\/04\/zulf_logo.svg\",\"width\":128,\"height\":40,\"caption\":\"zulf.sk\"},\"image\":{\"@id\":\"https:\/\/zulf.sk\/#\/schema\/logo\/image\/\"}}]}<\/script>\n<!-- \/ Yoast SEO plugin. -->","yoast_head_json":{"title":"Privacy Policy - zulf.sk","robots":{"index":"index","follow":"follow","max-snippet":"max-snippet:-1","max-image-preview":"max-image-preview:large","max-video-preview":"max-video-preview:-1"},"canonical":"https:\/\/zulf.sk\/de\/privacy-policy\/","og_locale":"de_DE","og_type":"article","og_title":"Privacy Policy - zulf.sk","og_description":"At Zulf s.r.o. (&#8220;Zulf,&#8221; &#8220;we&#8221;, &#8220;us&#8221;, or &#8220;our&#8221;), we respect your privacy and are committed to protecting any information you provide. This Privacy Policy outlines how we collect, use, and safeguard your personal information. Information We Collect We collect information when you fill out a form on our website or contact us by email. This [&hellip;]","og_url":"https:\/\/zulf.sk\/de\/privacy-policy\/","og_site_name":"zulf.sk","article_modified_time":"2024-04-25T13:38:34+00:00","twitter_card":"summary_large_image","twitter_misc":{"Gesch\u00e4tzte Lesezeit":"4\u00a0Minuten"},"schema":{"@context":"https:\/\/schema.org","@graph":[{"@type":"WebPage","@id":"https:\/\/zulf.sk\/privacy-policy\/","url":"https:\/\/zulf.sk\/privacy-policy\/","name":"Privacy Policy - zulf.sk","isPartOf":{"@id":"https:\/\/zulf.sk\/#website"},"datePublished":"2024-04-24T12:22:05+00:00","dateModified":"2024-04-25T13:38:34+00:00","breadcrumb":{"@id":"https:\/\/zulf.sk\/privacy-policy\/#breadcrumb"},"inLanguage":"de","potentialAction":[{"@type":"ReadAction","target":["https:\/\/zulf.sk\/privacy-policy\/"]}]},{"@type":"BreadcrumbList","@id":"https:\/\/zulf.sk\/privacy-policy\/#breadcrumb","itemListElement":[{"@type":"ListItem","position":1,"name":"Home","item":"https:\/\/zulf.sk\/"},{"@type":"ListItem","position":2,"name":"Privacy Policy"}]},{"@type":"WebSite","@id":"https:\/\/zulf.sk\/#website","url":"https:\/\/zulf.sk\/","name":"zulf.sk","description":"","publisher":{"@id":"https:\/\/zulf.sk\/#organization"},"potentialAction":[{"@type":"SearchAction","target":{"@type":"EntryPoint","urlTemplate":"https:\/\/zulf.sk\/?s={search_term_string}"},"query-input":"required name=search_term_string"}],"inLanguage":"de"},{"@type":"Organization","@id":"https:\/\/zulf.sk\/#organization","name":"zulf.sk","url":"https:\/\/zulf.sk\/","logo":{"@type":"ImageObject","inLanguage":"de","@id":"https:\/\/zulf.sk\/#\/schema\/logo\/image\/","url":"https:\/\/zulf.sk\/wp-content\/uploads\/2024\/04\/zulf_logo.svg","contentUrl":"https:\/\/zulf.sk\/wp-content\/uploads\/2024\/04\/zulf_logo.svg","width":128,"height":40,"caption":"zulf.sk"},"image":{"@id":"https:\/\/zulf.sk\/#\/schema\/logo\/image\/"}}]}},"_links":{"self":[{"href":"https:\/\/zulf.sk\/de\/wp-json\/wp\/v2\/pages\/3","targetHints":{"allow":["GET"]}}],"collection":[{"href":"https:\/\/zulf.sk\/de\/wp-json\/wp\/v2\/pages"}],"about":[{"href":"https:\/\/zulf.sk\/de\/wp-json\/wp\/v2\/types\/page"}],"author":[{"embeddable":true,"href":"https:\/\/zulf.sk\/de\/wp-json\/wp\/v2\/users\/1"}],"replies":[{"embeddable":true,"href":"https:\/\/zulf.sk\/de\/wp-json\/wp\/v2\/comments?post=3"}],"version-history":[{"count":1,"href":"https:\/\/zulf.sk\/de\/wp-json\/wp\/v2\/pages\/3\/revisions"}],"predecessor-version":[{"id":88,"href":"https:\/\/zulf.sk\/de\/wp-json\/wp\/v2\/pages\/3\/revisions\/88"}],"wp:attachment":[{"href":"https:\/\/zulf.sk\/de\/wp-json\/wp\/v2\/media?parent=3"}],"curies":[{"name":"wp","href":"https:\/\/api.w.org\/{rel}","templated":true}]}}